{"id":15847,"date":"2019-06-07T20:16:04","date_gmt":"2019-06-07T18:16:04","guid":{"rendered":"https:\/\/ilguelfobianco.it\/?page_id=15847"},"modified":"2019-08-07T17:36:47","modified_gmt":"2019-08-07T15:36:47","slug":"florence-blog","status":"publish","type":"page","link":"https:\/\/ilguelfobianco.it\/pt-pt\/florence-blog\/","title":{"rendered":"Florence to Go Blog"},"content":{"rendered":"<p>Leia o nosso Blogue Florence To Go para desfrutar ao m\u00e1ximo de Floren\u00e7a durante a sua estadia no hotel Il Guelfo Bianco.<\/p>\n<p>Receba todos os meses muitos conselhos pr\u00e1ticos para visitar Floren\u00e7a, descubra curiosidades e segredos da cidade do l\u00edrio, as suas tradi\u00e7\u00f5es, as muitas del\u00edcias culin\u00e1rias e tudo o que faz a cultura.<\/p>\n<p>O Blogue Florence To Go \u00e9 um ponto de refer\u00eancia para quem ama viver Floren\u00e7a com as gentes locais &#8211; ideal para quem a visita pela primeira vez ou para quem a visita assiduamente.<\/p>\n<p>Pronto para desfrutar de uma estadia perfeita em Floren\u00e7a?<\/p>\n<p>O nosso Blogue de Floren\u00e7a \u00e9 dedicado a todos os que s\u00e3o florentinos pelo cora\u00e7\u00e3o!<\/p>\n","protected":false},"excerpt":{"rendered":"<p>Leia o nosso Blogue Florence To Go para desfrutar ao m\u00e1ximo de Floren\u00e7a durante a sua estadia no hotel Il [&hellip;]<\/p>\n","protected":false},"author":7,"featured_media":0,"parent":0,"menu_order":0,"comment_status":"closed","ping_status":"closed","template":"page-blog-new.php","meta":[],"yst_prominent_words":[783,2230,1668],"acf":[],"_links":{"self":[{"href":"https:\/\/ilguelfobianco.it\/pt-pt\/wp-json\/wp\/v2\/pages\/15847"}],"collection":[{"href":"https:\/\/ilguelfobianco.it\/pt-pt\/wp-json\/wp\/v2\/pages"}],"about":[{"href":"https:\/\/ilguelfobianco.it\/pt-pt\/wp-json\/wp\/v2\/types\/page"}],"author":[{"embeddable":true,"href":"https:\/\/ilguelfobianco.it\/pt-pt\/wp-json\/wp\/v2\/users\/7"}],"replies":[{"embeddable":true,"href":"https:\/\/ilguelfobianco.it\/pt-pt\/wp-json\/wp\/v2\/comments?post=15847"}],"version-history":[{"count":0,"href":"https:\/\/ilguelfobianco.it\/pt-pt\/wp-json\/wp\/v2\/pages\/15847\/revisions"}],"wp:attachment":[{"href":"https:\/\/ilguelfobianco.it\/pt-pt\/wp-json\/wp\/v2\/media?parent=15847"}],"wp:term":[{"taxonomy":"yst_prominent_words","embeddable":true,"href":"https:\/\/ilguelfobianco.it\/pt-pt\/wp-json\/wp\/v2\/yst_prominent_words?post=15847"}],"curies":[{"name":"wp","href":"https:\/\/api.w.org\/{rel}","templated":true}]}}