{"id":1365,"date":"2017-05-08T17:12:56","date_gmt":"2017-05-08T15:12:56","guid":{"rendered":"https:\/\/ilguelfobianco.it\/homepage\/?lang=pt-pt"},"modified":"2021-10-19T11:55:47","modified_gmt":"2021-10-19T09:55:47","slug":"homepage","status":"publish","type":"page","link":"https:\/\/ilguelfobianco.it\/pt-pt\/","title":{"rendered":"Homepage"},"content":{"rendered":"<p>O<strong> hotel de 3 estrelas&nbsp;Il Guelfo Bianco<\/strong> \u00e9 um <strong>hotel boutique no centro de Floren\u00e7a<\/strong>. Requintado e original, de atmosferas c\u00e1lidas e primorosas, proporciona aos seus h\u00f3spedes uma combina\u00e7\u00e3o invulgar entre antigo e contempor\u00e2neo. O&nbsp;hotel encontra-se no interior de um&nbsp;edif\u00edcio quatrocentista minuciosamente restaurado e os seus espa\u00e7os albergam uma riqu\u00edssima&nbsp;cole\u00e7\u00e3o de arte contempor\u00e2nea&nbsp;com vista a uma fus\u00e3o de estilos que torna cada ambiente \u00fanico e especial, <strong>ideal para a sua estadia em hotel em Floren\u00e7a<\/strong>.<\/p>\n<p>A posi\u00e7\u00e3o ideal do <strong>hotel no centro hist\u00f3rico de Floren\u00e7a<\/strong>, junto ao Duomo di Santa Maria del Fiore, \u00e0 Galleria dell\u2019Accademia e ao Mercado Central de San Lorenzo, garante a facilidade de desloca\u00e7\u00e3o a p\u00e9 para chegar facilmente a qualquer ponto de interesse tur\u00edstico e de neg\u00f3cios de Floren\u00e7a.<\/p>\n","protected":false},"excerpt":{"rendered":"<p>O hotel de 3 estrelas&nbsp;Il Guelfo Bianco \u00e9 um hotel boutique no centro de Floren\u00e7a. Requintado e original, de atmosferas [&hellip;]<\/p>\n","protected":false},"author":7,"featured_media":10394,"parent":0,"menu_order":0,"comment_status":"closed","ping_status":"closed","template":"page-home.php","meta":[],"yst_prominent_words":[11341,9848,11160,9799,11323,9784,785,9850,9845,9802,11372,11302,9782],"acf":[],"_links":{"self":[{"href":"https:\/\/ilguelfobianco.it\/pt-pt\/wp-json\/wp\/v2\/pages\/1365"}],"collection":[{"href":"https:\/\/ilguelfobianco.it\/pt-pt\/wp-json\/wp\/v2\/pages"}],"about":[{"href":"https:\/\/ilguelfobianco.it\/pt-pt\/wp-json\/wp\/v2\/types\/page"}],"author":[{"embeddable":true,"href":"https:\/\/ilguelfobianco.it\/pt-pt\/wp-json\/wp\/v2\/users\/7"}],"replies":[{"embeddable":true,"href":"https:\/\/ilguelfobianco.it\/pt-pt\/wp-json\/wp\/v2\/comments?post=1365"}],"version-history":[{"count":4,"href":"https:\/\/ilguelfobianco.it\/pt-pt\/wp-json\/wp\/v2\/pages\/1365\/revisions"}],"predecessor-version":[{"id":25452,"href":"https:\/\/ilguelfobianco.it\/pt-pt\/wp-json\/wp\/v2\/pages\/1365\/revisions\/25452"}],"wp:featuredmedia":[{"embeddable":true,"href":"https:\/\/ilguelfobianco.it\/pt-pt\/wp-json\/wp\/v2\/media\/10394"}],"wp:attachment":[{"href":"https:\/\/ilguelfobianco.it\/pt-pt\/wp-json\/wp\/v2\/media?parent=1365"}],"wp:term":[{"taxonomy":"yst_prominent_words","embeddable":true,"href":"https:\/\/ilguelfobianco.it\/pt-pt\/wp-json\/wp\/v2\/yst_prominent_words?post=1365"}],"curies":[{"name":"wp","href":"https:\/\/api.w.org\/{rel}","templated":true}]}}