{"id":15829,"date":"2019-06-07T20:16:04","date_gmt":"2019-06-07T18:16:04","guid":{"rendered":"https:\/\/ilguelfobianco.it\/?page_id=15829\/"},"modified":"2019-08-07T17:33:32","modified_gmt":"2019-08-07T15:33:32","slug":"florence-blog","status":"publish","type":"page","link":"https:\/\/ilguelfobianco.it\/it\/florence-blog\/","title":{"rendered":"Florence to Go Blog"},"content":{"rendered":"<p>Leggi il nostro <strong>Blog Florence To Go <\/strong>per approfittare del meglio di Firenze durante il tuo soggiorno all&#8217;hotel Il Guelfo Bianco.<\/p>\n<p>Ricevi ogni mese tanti consigli pratici per visitare Firenze, scopri curiosit\u00e0 e segreti sulla citt\u00e0 del giglio, le sue tradizioni, le molte delizie culinarie e tutto ci\u00f2 che fa cultura.<\/p>\n<p>Il Blog Florence To Go \u00e8 un punto di riferimento per chi ama vivere Firenze con la gente del posto &#8211; ideale per chi la visita per la prima volta o per chi la frequenta assiduamente.<\/p>\n<p>Pronto per goderti un soggiorno perfetto a Firenze?<\/p>\n<p>Il nostro Blog di Firenze \u00e8 dedicato a tutti coloro che sono fiorentini nel cuore!<\/p>\n","protected":false},"excerpt":{"rendered":"<p>Leggi il nostro Blog Florence To Go per approfittare del meglio di Firenze durante il tuo soggiorno all&#8217;hotel Il Guelfo [&hellip;]<\/p>\n","protected":false},"author":7,"featured_media":0,"parent":0,"menu_order":0,"comment_status":"closed","ping_status":"closed","template":"page-blog-new.php","meta":[],"yst_prominent_words":[11165,9766,11219,11283,10011,11169,11171,9483,9552,7544,11175,9752,10009,11162,11220,9579,10010,11157,9944,11163,7558],"acf":[],"_links":{"self":[{"href":"https:\/\/ilguelfobianco.it\/it\/wp-json\/wp\/v2\/pages\/15829"}],"collection":[{"href":"https:\/\/ilguelfobianco.it\/it\/wp-json\/wp\/v2\/pages"}],"about":[{"href":"https:\/\/ilguelfobianco.it\/it\/wp-json\/wp\/v2\/types\/page"}],"author":[{"embeddable":true,"href":"https:\/\/ilguelfobianco.it\/it\/wp-json\/wp\/v2\/users\/7"}],"replies":[{"embeddable":true,"href":"https:\/\/ilguelfobianco.it\/it\/wp-json\/wp\/v2\/comments?post=15829"}],"version-history":[{"count":0,"href":"https:\/\/ilguelfobianco.it\/it\/wp-json\/wp\/v2\/pages\/15829\/revisions"}],"wp:attachment":[{"href":"https:\/\/ilguelfobianco.it\/it\/wp-json\/wp\/v2\/media?parent=15829"}],"wp:term":[{"taxonomy":"yst_prominent_words","embeddable":true,"href":"https:\/\/ilguelfobianco.it\/it\/wp-json\/wp\/v2\/yst_prominent_words?post=15829"}],"curies":[{"name":"wp","href":"https:\/\/api.w.org\/{rel}","templated":true}]}}