{"id":14,"date":"2017-05-10T11:52:51","date_gmt":"2017-05-10T09:52:51","guid":{"rendered":"http:\/\/localhost\/guelfoultimaversione\/?page_id=14"},"modified":"2020-02-05T12:12:35","modified_gmt":"2020-02-05T11:12:35","slug":"hotel-di-charme-firenze","status":"publish","type":"page","link":"https:\/\/ilguelfobianco.it\/it\/hotel-di-charme-firenze\/","title":{"rendered":"About us"},"content":{"rendered":"<p>Un soggiorno nel nostro <b>hotel di charme a Firenze<\/b> \u00e8 l\u2019occasione per godere dei pi\u00f9 moderni comfort e <strong>servizi eco-friendly<\/strong>, per gustare cibi genuini biologici e per apprezzare la combinazione tra <strong>gusto antico e arte contemporanea<\/strong> dei suoi ambienti, proveniente dalla collezione privata dei proprietari dell\u2019albergo, Luisa e Alessandro Bargiacchi.<br \/>\nLa cordialit\u00e0 del nostro staff vi regaler\u00e0 la sensazione di sentirsi a casa nel cuore di una delle pi\u00f9 belle citt\u00e0 del mondo, fornendo inoltre consigli turistici e assistenza durante il soggiorno.<\/p>\n","protected":false},"excerpt":{"rendered":"<p>Un soggiorno nel nostro hotel di charme a Firenze \u00e8 l\u2019occasione per godere dei pi\u00f9 moderni comfort e servizi eco-friendly, [&hellip;]<\/p>\n","protected":false},"author":7,"featured_media":10039,"parent":0,"menu_order":0,"comment_status":"closed","ping_status":"closed","template":"page-about.php","meta":[],"yst_prominent_words":[11172,11169,11171,11162,11173,9579,11174,9944],"acf":[],"_links":{"self":[{"href":"https:\/\/ilguelfobianco.it\/it\/wp-json\/wp\/v2\/pages\/14"}],"collection":[{"href":"https:\/\/ilguelfobianco.it\/it\/wp-json\/wp\/v2\/pages"}],"about":[{"href":"https:\/\/ilguelfobianco.it\/it\/wp-json\/wp\/v2\/types\/page"}],"author":[{"embeddable":true,"href":"https:\/\/ilguelfobianco.it\/it\/wp-json\/wp\/v2\/users\/7"}],"replies":[{"embeddable":true,"href":"https:\/\/ilguelfobianco.it\/it\/wp-json\/wp\/v2\/comments?post=14"}],"version-history":[{"count":0,"href":"https:\/\/ilguelfobianco.it\/it\/wp-json\/wp\/v2\/pages\/14\/revisions"}],"wp:featuredmedia":[{"embeddable":true,"href":"https:\/\/ilguelfobianco.it\/it\/wp-json\/wp\/v2\/media\/10039"}],"wp:attachment":[{"href":"https:\/\/ilguelfobianco.it\/it\/wp-json\/wp\/v2\/media?parent=14"}],"wp:term":[{"taxonomy":"yst_prominent_words","embeddable":true,"href":"https:\/\/ilguelfobianco.it\/it\/wp-json\/wp\/v2\/yst_prominent_words?post=14"}],"curies":[{"name":"wp","href":"https:\/\/api.w.org\/{rel}","templated":true}]}}