{"id":696,"date":"2017-05-10T11:52:51","date_gmt":"2017-05-10T09:52:51","guid":{"rendered":"https:\/\/ilguelfobianco.it\/about-us\/?lang=fr"},"modified":"2023-02-20T21:14:29","modified_gmt":"2023-02-20T20:14:29","slug":"hotel-de-charme-florence","status":"publish","type":"page","link":"https:\/\/ilguelfobianco.it\/fr\/hotel-de-charme-florence\/","title":{"rendered":"About us_fr"},"content":{"rendered":"<p>Un s\u00e9jour dans notre h\u00f4tel de charme \u00e0 Florence est une bonne occasion pour profiter aussi bien du confort moderne que des services eco-friendly et d\u00e9guster des plats simples et bio. Vous pourrez apr\u00e9cier la conjugaison du go\u00fbt antique e de l\u2019art contemporain. Une joie pour les estimateurs! Du fait de sa cordialit\u00e9, notre \u00e9quipe vous permettra de vous sentir comme chez vous au coeur de l\u2019une des plus belle ville au monde, vous fournissant conseils e assistance dans l\u2019organisation de votre s\u00e9jour.<\/p>\n","protected":false},"excerpt":{"rendered":"<p>Un s\u00e9jour dans notre h\u00f4tel de charme \u00e0 Florence est une bonne occasion pour profiter aussi bien du confort moderne [&hellip;]<\/p>\n","protected":false},"author":7,"featured_media":10042,"parent":0,"menu_order":0,"comment_status":"closed","ping_status":"closed","template":"page-about.php","meta":[],"yst_prominent_words":[11354,11374,11160,11306,11335,11303,1353,11304,11373,11305,11353],"acf":[],"_links":{"self":[{"href":"https:\/\/ilguelfobianco.it\/fr\/wp-json\/wp\/v2\/pages\/696"}],"collection":[{"href":"https:\/\/ilguelfobianco.it\/fr\/wp-json\/wp\/v2\/pages"}],"about":[{"href":"https:\/\/ilguelfobianco.it\/fr\/wp-json\/wp\/v2\/types\/page"}],"author":[{"embeddable":true,"href":"https:\/\/ilguelfobianco.it\/fr\/wp-json\/wp\/v2\/users\/7"}],"replies":[{"embeddable":true,"href":"https:\/\/ilguelfobianco.it\/fr\/wp-json\/wp\/v2\/comments?post=696"}],"version-history":[{"count":2,"href":"https:\/\/ilguelfobianco.it\/fr\/wp-json\/wp\/v2\/pages\/696\/revisions"}],"predecessor-version":[{"id":25975,"href":"https:\/\/ilguelfobianco.it\/fr\/wp-json\/wp\/v2\/pages\/696\/revisions\/25975"}],"wp:featuredmedia":[{"embeddable":true,"href":"https:\/\/ilguelfobianco.it\/fr\/wp-json\/wp\/v2\/media\/10042"}],"wp:attachment":[{"href":"https:\/\/ilguelfobianco.it\/fr\/wp-json\/wp\/v2\/media?parent=696"}],"wp:term":[{"taxonomy":"yst_prominent_words","embeddable":true,"href":"https:\/\/ilguelfobianco.it\/fr\/wp-json\/wp\/v2\/yst_prominent_words?post=696"}],"curies":[{"name":"wp","href":"https:\/\/api.w.org\/{rel}","templated":true}]}}