{"id":685,"date":"2017-05-08T17:12:56","date_gmt":"2017-05-08T15:12:56","guid":{"rendered":"https:\/\/ilguelfobianco.it\/homepage\/?lang=fr"},"modified":"2021-10-19T09:40:27","modified_gmt":"2021-10-19T07:40:27","slug":"homepage_fr","status":"publish","type":"page","link":"https:\/\/ilguelfobianco.it\/fr\/","title":{"rendered":"Homepage_fr"},"content":{"rendered":"<p>Notre <strong>H\u00f4tel de Charme \u00e0 Florence<\/strong> \u00ab&nbsp;Il Guelfo Bianco&nbsp;\u00bb est un <strong> boutique h\u00f4tel en plein centre de Florence<\/strong> situ\u00e9 dans un immeuble du XV\u00b0 si\u00e8cle, restructur\u00e9 attentivement, et dans lequel, gr\u00e2ce \u00e0 l\u2019\u00e9quipe courtoise et professionelle, nous serons ravis d\u2019acceuillir nos h\u00f4tes dans un cadre relaxant e amical. \u00c0 l\u2019int\u00e9rieur, les services modernes s\u2019accompagnent d\u2019un mobilier antique et original mais aussi d\u2019une prestigieuse collection d\u2019\u0153uvres d\u2019art contemporain, rendant ainsi notre h\u00f4tel un lieu id\u00e9al o\u00f9 s\u00e9journer.<\/p>\n<p>La situation id\u00e9ale de l\u2019<strong>h\u00f4tel dans le centre historique de Florence<\/strong>, \u00e0 deux pas du D\u00f4me de Santa Maria del Fiore, de la Galerie de l\u2019Acad\u00e9mie et du March\u00e9 Central de San Lorenzo, garantit des d\u00e9placements faciles \u00e0 pied pour rejoindre facilement les centres d\u2019int\u00e9r\u00eat touristiques et les quartiers d\u2019affaires de Florence.<\/p>\n","protected":false},"excerpt":{"rendered":"<p>Notre H\u00f4tel de Charme \u00e0 Florence \u00ab&nbsp;Il Guelfo Bianco&nbsp;\u00bb est un boutique h\u00f4tel en plein centre de Florence situ\u00e9 dans [&hellip;]<\/p>\n","protected":false},"author":7,"featured_media":10390,"parent":0,"menu_order":0,"comment_status":"closed","ping_status":"closed","template":"page-home.php","meta":[],"yst_prominent_words":[9139,11374,9833,11160,9694,11335,11303,1433,1843,11162,11319,9770,1444,11163],"acf":[],"_links":{"self":[{"href":"https:\/\/ilguelfobianco.it\/fr\/wp-json\/wp\/v2\/pages\/685"}],"collection":[{"href":"https:\/\/ilguelfobianco.it\/fr\/wp-json\/wp\/v2\/pages"}],"about":[{"href":"https:\/\/ilguelfobianco.it\/fr\/wp-json\/wp\/v2\/types\/page"}],"author":[{"embeddable":true,"href":"https:\/\/ilguelfobianco.it\/fr\/wp-json\/wp\/v2\/users\/7"}],"replies":[{"embeddable":true,"href":"https:\/\/ilguelfobianco.it\/fr\/wp-json\/wp\/v2\/comments?post=685"}],"version-history":[{"count":3,"href":"https:\/\/ilguelfobianco.it\/fr\/wp-json\/wp\/v2\/pages\/685\/revisions"}],"predecessor-version":[{"id":25443,"href":"https:\/\/ilguelfobianco.it\/fr\/wp-json\/wp\/v2\/pages\/685\/revisions\/25443"}],"wp:featuredmedia":[{"embeddable":true,"href":"https:\/\/ilguelfobianco.it\/fr\/wp-json\/wp\/v2\/media\/10390"}],"wp:attachment":[{"href":"https:\/\/ilguelfobianco.it\/fr\/wp-json\/wp\/v2\/media?parent=685"}],"wp:term":[{"taxonomy":"yst_prominent_words","embeddable":true,"href":"https:\/\/ilguelfobianco.it\/fr\/wp-json\/wp\/v2\/yst_prominent_words?post=685"}],"curies":[{"name":"wp","href":"https:\/\/api.w.org\/{rel}","templated":true}]}}