{"id":979,"date":"2017-05-10T11:52:51","date_gmt":"2017-05-10T09:52:51","guid":{"rendered":"https:\/\/ilguelfobianco.it\/about-us\/?lang=es"},"modified":"2023-02-20T21:03:38","modified_gmt":"2023-02-20T20:03:38","slug":"hotel-con-encanto-florencia","status":"publish","type":"page","link":"https:\/\/ilguelfobianco.it\/es\/hotel-con-encanto-florencia\/","title":{"rendered":"About us_Es"},"content":{"rendered":"<p>Una estancia en nuestro hotel de tres estrellas con encanto, en Florencia, es la ocasi\u00f3n perfecta para disfrutar de un moderno confort y servicios \u201ceco-friendly\u201d, para degustar genuinos productos biol\u00f3gicos y apreciar la combinaci\u00f3n de arte antiguo y arte contempor\u00e1neo. \u00a1Un verdadero placer para todos los amantes de la belleza! Gracias a su cordialidad, nuestro personal les regalar\u00e1 la sensaci\u00f3n de sentirse como en casa en el coraz\u00f3n de una de las ciudades m\u00e1s bonitas del mundo, proporcionando adem\u00e1s consejos tur\u00edsticos y asistencia durante su estancia.<\/p>\n","protected":false},"excerpt":{"rendered":"<p>Una estancia en nuestro hotel de tres estrellas con encanto, en Florencia, es la ocasi\u00f3n perfecta para disfrutar de un [&hellip;]<\/p>\n","protected":false},"author":7,"featured_media":10047,"parent":0,"menu_order":0,"comment_status":"closed","ping_status":"closed","template":"page-about.php","meta":[],"yst_prominent_words":[1777,11160,11161,1422,11162,1421,1399,11170,11163,946],"acf":[],"_links":{"self":[{"href":"https:\/\/ilguelfobianco.it\/es\/wp-json\/wp\/v2\/pages\/979"}],"collection":[{"href":"https:\/\/ilguelfobianco.it\/es\/wp-json\/wp\/v2\/pages"}],"about":[{"href":"https:\/\/ilguelfobianco.it\/es\/wp-json\/wp\/v2\/types\/page"}],"author":[{"embeddable":true,"href":"https:\/\/ilguelfobianco.it\/es\/wp-json\/wp\/v2\/users\/7"}],"replies":[{"embeddable":true,"href":"https:\/\/ilguelfobianco.it\/es\/wp-json\/wp\/v2\/comments?post=979"}],"version-history":[{"count":2,"href":"https:\/\/ilguelfobianco.it\/es\/wp-json\/wp\/v2\/pages\/979\/revisions"}],"predecessor-version":[{"id":25970,"href":"https:\/\/ilguelfobianco.it\/es\/wp-json\/wp\/v2\/pages\/979\/revisions\/25970"}],"wp:featuredmedia":[{"embeddable":true,"href":"https:\/\/ilguelfobianco.it\/es\/wp-json\/wp\/v2\/media\/10047"}],"wp:attachment":[{"href":"https:\/\/ilguelfobianco.it\/es\/wp-json\/wp\/v2\/media?parent=979"}],"wp:term":[{"taxonomy":"yst_prominent_words","embeddable":true,"href":"https:\/\/ilguelfobianco.it\/es\/wp-json\/wp\/v2\/yst_prominent_words?post=979"}],"curies":[{"name":"wp","href":"https:\/\/api.w.org\/{rel}","templated":true}]}}