{"id":974,"date":"2017-05-08T17:12:56","date_gmt":"2017-05-08T15:12:56","guid":{"rendered":"https:\/\/ilguelfobianco.it\/homepage\/?lang=es"},"modified":"2023-02-14T18:27:06","modified_gmt":"2023-02-14T17:27:06","slug":"homepage","status":"publish","type":"page","link":"https:\/\/ilguelfobianco.it\/es\/","title":{"rendered":"Homepage"},"content":{"rendered":"<p><strong>El hotel \u201cIl Guelfo Bianco\u201d<\/strong> es <strong>un boutique hotel, en el centro de Florencia<\/strong> situado en un edificio del siglo XV cuidadosamente restaurado, d\u00f3nde, con la colaboraci\u00f3n de un equipo accesible y profesional, damos la bienvenida a nuestros hu\u00e9spedes en un ambiente acogedor y tranquilo. En su interior, los m\u00e1s modernos servicios encajan a la perfecci\u00f3n con un antiguo y original mobiliario y con una prestigiosa colecci\u00f3n de obras de arte contempor\u00e1neo, convirtiendo nuestro <strong>hotel en el centro de Florencia<\/strong> en un lugar ideal para su estancia.<\/p>\n<p>La ideal ubicaci\u00f3n del <strong>hotel en el centro hist\u00f3rico de Florencia<\/strong>, junto a la Catedral de Santa Mar\u00eda del Fiore, la Galer\u00eda de la Academia y el Mercado Central de San Lorenzo, garantiza una facilidad en los desplazamientos a pie para llegar r\u00e1pidamente a cualquier punto de inter\u00e9s tur\u00edstico y de negocios de Florencia.<\/p>\n","protected":false},"excerpt":{"rendered":"<p>El hotel \u201cIl Guelfo Bianco\u201d es un boutique hotel, en el centro de Florencia situado en un edificio del siglo [&hellip;]<\/p>\n","protected":false},"author":7,"featured_media":10396,"parent":0,"menu_order":0,"comment_status":"closed","ping_status":"closed","template":"page-home.php","meta":[],"yst_prominent_words":[1775,1771,11160,973,11164,1773,1770,1456,11161,1246,1458,1455,1454,1774,1772,1457,1452,1453,11162,11163],"acf":[],"_links":{"self":[{"href":"https:\/\/ilguelfobianco.it\/es\/wp-json\/wp\/v2\/pages\/974"}],"collection":[{"href":"https:\/\/ilguelfobianco.it\/es\/wp-json\/wp\/v2\/pages"}],"about":[{"href":"https:\/\/ilguelfobianco.it\/es\/wp-json\/wp\/v2\/types\/page"}],"author":[{"embeddable":true,"href":"https:\/\/ilguelfobianco.it\/es\/wp-json\/wp\/v2\/users\/7"}],"replies":[{"embeddable":true,"href":"https:\/\/ilguelfobianco.it\/es\/wp-json\/wp\/v2\/comments?post=974"}],"version-history":[{"count":6,"href":"https:\/\/ilguelfobianco.it\/es\/wp-json\/wp\/v2\/pages\/974\/revisions"}],"predecessor-version":[{"id":25968,"href":"https:\/\/ilguelfobianco.it\/es\/wp-json\/wp\/v2\/pages\/974\/revisions\/25968"}],"wp:featuredmedia":[{"embeddable":true,"href":"https:\/\/ilguelfobianco.it\/es\/wp-json\/wp\/v2\/media\/10396"}],"wp:attachment":[{"href":"https:\/\/ilguelfobianco.it\/es\/wp-json\/wp\/v2\/media?parent=974"}],"wp:term":[{"taxonomy":"yst_prominent_words","embeddable":true,"href":"https:\/\/ilguelfobianco.it\/es\/wp-json\/wp\/v2\/yst_prominent_words?post=974"}],"curies":[{"name":"wp","href":"https:\/\/api.w.org\/{rel}","templated":true}]}}