{"id":6397,"date":"2017-06-27T11:49:07","date_gmt":"2017-06-27T09:49:07","guid":{"rendered":"https:\/\/ilguelfobianco.it\/hotel-web-series-florence\/"},"modified":"2018-01-15T18:44:58","modified_gmt":"2018-01-15T17:44:58","slug":"serie-web-hotel-florencia","status":"publish","type":"page","link":"https:\/\/ilguelfobianco.it\/es\/serie-web-hotel-florencia\/","title":{"rendered":"Web Series"},"content":{"rendered":"<p>Jenny, una joven mujer inglesa se va de viaje a Italia para celebrar su nueva vida de soltera y aterriza en Florencia, por primera vez en su vida. Atrapada, a su pesar, en el ambiente rom\u00e1ntico de uno de los lugares m\u00e1s visitados de la ciudad, observa un tomate que est\u00e1 rodando sobre la acera, justo delante de la puerta del hotel. En el intento de recogerlo, su mano se encuentra con otra mano&#8230;<br \/>\n\u00bfAzar, suerte, destino?<br \/>\nEl hecho es que a partir de ese momento, el viaje de Jenny en Florencia dar\u00e1 un giro inesperado.<br \/>\n\u00a1Sigue las aventuras de Jenny!<\/p>\n","protected":false},"excerpt":{"rendered":"<p>Jenny, una joven mujer inglesa se va de viaje a Italia para celebrar su nueva vida de soltera y aterriza [&hellip;]<\/p>\n","protected":false},"author":7,"featured_media":5860,"parent":0,"menu_order":0,"comment_status":"closed","ping_status":"closed","template":"page-webseries.php","meta":[],"yst_prominent_words":[1363,903,1246,1267,1374,748,1376,1375,1364],"acf":[],"_links":{"self":[{"href":"https:\/\/ilguelfobianco.it\/es\/wp-json\/wp\/v2\/pages\/6397"}],"collection":[{"href":"https:\/\/ilguelfobianco.it\/es\/wp-json\/wp\/v2\/pages"}],"about":[{"href":"https:\/\/ilguelfobianco.it\/es\/wp-json\/wp\/v2\/types\/page"}],"author":[{"embeddable":true,"href":"https:\/\/ilguelfobianco.it\/es\/wp-json\/wp\/v2\/users\/7"}],"replies":[{"embeddable":true,"href":"https:\/\/ilguelfobianco.it\/es\/wp-json\/wp\/v2\/comments?post=6397"}],"version-history":[{"count":0,"href":"https:\/\/ilguelfobianco.it\/es\/wp-json\/wp\/v2\/pages\/6397\/revisions"}],"wp:featuredmedia":[{"embeddable":true,"href":"https:\/\/ilguelfobianco.it\/es\/wp-json\/wp\/v2\/media\/5860"}],"wp:attachment":[{"href":"https:\/\/ilguelfobianco.it\/es\/wp-json\/wp\/v2\/media?parent=6397"}],"wp:term":[{"taxonomy":"yst_prominent_words","embeddable":true,"href":"https:\/\/ilguelfobianco.it\/es\/wp-json\/wp\/v2\/yst_prominent_words?post=6397"}],"curies":[{"name":"wp","href":"https:\/\/api.w.org\/{rel}","templated":true}]}}