{"id":1001,"date":"2017-05-10T16:39:05","date_gmt":"2017-05-10T14:39:05","guid":{"rendered":"https:\/\/ilguelfobianco.it\/desco\/?lang=es"},"modified":"2022-06-24T18:01:12","modified_gmt":"2022-06-24T16:01:12","slug":"il-desco-bistrot-alimentos-organicos-florencia","status":"publish","type":"page","link":"https:\/\/ilguelfobianco.it\/es\/il-desco-bistrot-alimentos-organicos-florencia\/","title":{"rendered":"Desco_es"},"content":{"rendered":"<p>En el <strong>centro de Florencia, el Desco Bistro<\/strong>t es un peque\u00f1o y acogedor <strong>restaurante de cocina org\u00e1nica \u00e0 Florencia<\/strong> contiguo al hotel, abierto al p\u00fablico y a los hu\u00e9spedes del hotel. El Bistrot representa una <strong>experiencia \u201cfarm-to-table\u201d<\/strong> (de la granja a la mesa), ya que la empresa biol\u00f3gica certificada de Reggello que proporciona la materia prima es de la misma propiedad. El personal del Bistrot es experto y siempre dispuesto a acogeros con una sonrisa; os guiar\u00e1 en el descubrimiento de combinaciones particulares, recetas preparadas con pasi\u00f3n e ingredientes frescos, producidos en nuestra tierra.<\/p>\n","protected":false},"excerpt":{"rendered":"<p>En el centro de Florencia, el Desco Bistrot es un peque\u00f1o y acogedor restaurante de cocina org\u00e1nica \u00e0 Florencia contiguo [&hellip;]<\/p>\n","protected":false},"author":7,"featured_media":10062,"parent":0,"menu_order":0,"comment_status":"closed","ping_status":"closed","template":"page-desco.php","meta":[],"yst_prominent_words":[11326,8708,11167,11160,9543,11169,11164,11161,9690,11325,9785,1644,11162,11320,9578],"acf":[],"_links":{"self":[{"href":"https:\/\/ilguelfobianco.it\/es\/wp-json\/wp\/v2\/pages\/1001"}],"collection":[{"href":"https:\/\/ilguelfobianco.it\/es\/wp-json\/wp\/v2\/pages"}],"about":[{"href":"https:\/\/ilguelfobianco.it\/es\/wp-json\/wp\/v2\/types\/page"}],"author":[{"embeddable":true,"href":"https:\/\/ilguelfobianco.it\/es\/wp-json\/wp\/v2\/users\/7"}],"replies":[{"embeddable":true,"href":"https:\/\/ilguelfobianco.it\/es\/wp-json\/wp\/v2\/comments?post=1001"}],"version-history":[{"count":6,"href":"https:\/\/ilguelfobianco.it\/es\/wp-json\/wp\/v2\/pages\/1001\/revisions"}],"predecessor-version":[{"id":25877,"href":"https:\/\/ilguelfobianco.it\/es\/wp-json\/wp\/v2\/pages\/1001\/revisions\/25877"}],"wp:featuredmedia":[{"embeddable":true,"href":"https:\/\/ilguelfobianco.it\/es\/wp-json\/wp\/v2\/media\/10062"}],"wp:attachment":[{"href":"https:\/\/ilguelfobianco.it\/es\/wp-json\/wp\/v2\/media?parent=1001"}],"wp:term":[{"taxonomy":"yst_prominent_words","embeddable":true,"href":"https:\/\/ilguelfobianco.it\/es\/wp-json\/wp\/v2\/yst_prominent_words?post=1001"}],"curies":[{"name":"wp","href":"https:\/\/api.w.org\/{rel}","templated":true}]}}