{"id":872,"date":"2017-05-10T16:39:05","date_gmt":"2017-05-10T14:39:05","guid":{"rendered":"https:\/\/ilguelfobianco.it\/desco\/?lang=de"},"modified":"2022-06-24T17:57:37","modified_gmt":"2022-06-24T15:57:37","slug":"il-desco-bistrot-florenz-bio-kuche","status":"publish","type":"page","link":"https:\/\/ilguelfobianco.it\/de\/il-desco-bistrot-florenz-bio-kuche\/","title":{"rendered":"Desco"},"content":{"rendered":"<p>Einladend wie Fr\u00fchgem\u00fcse f\u00fcr&nbsp;<strong>Feinschmecker:&nbsp;Il&nbsp;Desco&nbsp;<\/strong>ist ein<strong>&nbsp;Bistrot Restaurant mit Bio-K\u00fcche in Florenz<\/strong>, im Herzen&nbsp;<strong>des historischen Zentrums von Florenz,&nbsp;<\/strong>das seine Existenz einer Idee der Famiglie Bargiacchi verdankt, den Inhabern des Anwesens&nbsp;Il Guelfo Bianco.<\/p>\n","protected":false},"excerpt":{"rendered":"<p>Einladend wie Fr\u00fchgem\u00fcse f\u00fcr&nbsp;Feinschmecker:&nbsp;Il&nbsp;Desco&nbsp;ist ein&nbsp;Bistrot Restaurant mit Bio-K\u00fcche in Florenz, im Herzen&nbsp;des historischen Zentrums von Florenz,&nbsp;das seine Existenz einer Idee [&hellip;]<\/p>\n","protected":false},"author":7,"featured_media":210,"parent":0,"menu_order":0,"comment_status":"closed","ping_status":"closed","template":"page-desco.php","meta":[],"yst_prominent_words":[8688,11306,9775,11175],"acf":[],"_links":{"self":[{"href":"https:\/\/ilguelfobianco.it\/de\/wp-json\/wp\/v2\/pages\/872"}],"collection":[{"href":"https:\/\/ilguelfobianco.it\/de\/wp-json\/wp\/v2\/pages"}],"about":[{"href":"https:\/\/ilguelfobianco.it\/de\/wp-json\/wp\/v2\/types\/page"}],"author":[{"embeddable":true,"href":"https:\/\/ilguelfobianco.it\/de\/wp-json\/wp\/v2\/users\/7"}],"replies":[{"embeddable":true,"href":"https:\/\/ilguelfobianco.it\/de\/wp-json\/wp\/v2\/comments?post=872"}],"version-history":[{"count":6,"href":"https:\/\/ilguelfobianco.it\/de\/wp-json\/wp\/v2\/pages\/872\/revisions"}],"predecessor-version":[{"id":25872,"href":"https:\/\/ilguelfobianco.it\/de\/wp-json\/wp\/v2\/pages\/872\/revisions\/25872"}],"wp:featuredmedia":[{"embeddable":true,"href":"https:\/\/ilguelfobianco.it\/de\/wp-json\/wp\/v2\/media\/210"}],"wp:attachment":[{"href":"https:\/\/ilguelfobianco.it\/de\/wp-json\/wp\/v2\/media?parent=872"}],"wp:term":[{"taxonomy":"yst_prominent_words","embeddable":true,"href":"https:\/\/ilguelfobianco.it\/de\/wp-json\/wp\/v2\/yst_prominent_words?post=872"}],"curies":[{"name":"wp","href":"https:\/\/api.w.org\/{rel}","templated":true}]}}