{"id":851,"date":"2017-05-10T11:52:51","date_gmt":"2017-05-10T09:52:51","guid":{"rendered":"https:\/\/ilguelfobianco.it\/about-us\/?lang=de"},"modified":"2020-02-05T12:12:13","modified_gmt":"2020-02-05T11:12:13","slug":"charmantes-hotel-florenz","status":"publish","type":"page","link":"https:\/\/ilguelfobianco.it\/de\/charmantes-hotel-florenz\/","title":{"rendered":"About us_de"},"content":{"rendered":"<p>Unter den Hotels in Florenz hebt sich das Hotel Il Guelfo Bianco durch den besonderen Charme seiner renovierten R\u00e4ume hervor, die wertvollen Einrichtungs gegenst\u00e4nde und das Originalmauerwerk noch unterstrichen werden. Wenn Sie sich f\u00fcr unser Hotel entscheiden, werden Sie von der gelungenen Kombination zwischen Geschichte und zeitgen\u00f6ssischer Kunst eingeh\u00fcllt. Die Freundlichkeit unserer Mitarbeiter wird Sie im Herzen einer der sch\u00f6nsten St\u00e4dte der Welt zu Hause f\u00fchlen, beraten und unterst\u00fctzen w\u00e4hrend Ihres Aufenthaltes.<\/p>\n","protected":false},"excerpt":{"rendered":"<p>Unter den Hotels in Florenz hebt sich das Hotel Il Guelfo Bianco durch den besonderen Charme seiner renovierten R\u00e4ume hervor, [&hellip;]<\/p>\n","protected":false},"author":7,"featured_media":173,"parent":0,"menu_order":0,"comment_status":"closed","ping_status":"closed","template":"page-about.php","meta":[],"yst_prominent_words":[11334,11376,11336,11338,765,11377,11375,11318,9969],"acf":[],"_links":{"self":[{"href":"https:\/\/ilguelfobianco.it\/de\/wp-json\/wp\/v2\/pages\/851"}],"collection":[{"href":"https:\/\/ilguelfobianco.it\/de\/wp-json\/wp\/v2\/pages"}],"about":[{"href":"https:\/\/ilguelfobianco.it\/de\/wp-json\/wp\/v2\/types\/page"}],"author":[{"embeddable":true,"href":"https:\/\/ilguelfobianco.it\/de\/wp-json\/wp\/v2\/users\/7"}],"replies":[{"embeddable":true,"href":"https:\/\/ilguelfobianco.it\/de\/wp-json\/wp\/v2\/comments?post=851"}],"version-history":[{"count":0,"href":"https:\/\/ilguelfobianco.it\/de\/wp-json\/wp\/v2\/pages\/851\/revisions"}],"wp:featuredmedia":[{"embeddable":true,"href":"https:\/\/ilguelfobianco.it\/de\/wp-json\/wp\/v2\/media\/173"}],"wp:attachment":[{"href":"https:\/\/ilguelfobianco.it\/de\/wp-json\/wp\/v2\/media?parent=851"}],"wp:term":[{"taxonomy":"yst_prominent_words","embeddable":true,"href":"https:\/\/ilguelfobianco.it\/de\/wp-json\/wp\/v2\/yst_prominent_words?post=851"}],"curies":[{"name":"wp","href":"https:\/\/api.w.org\/{rel}","templated":true}]}}