{"id":6411,"date":"2017-06-27T11:49:07","date_gmt":"2017-06-27T09:49:07","guid":{"rendered":"https:\/\/ilguelfobianco.it\/hotel-web-series-florence\/"},"modified":"2018-01-15T18:39:25","modified_gmt":"2018-01-15T17:39:25","slug":"hotel-web-serie-florenz","status":"publish","type":"page","link":"https:\/\/ilguelfobianco.it\/de\/hotel-web-serie-florenz\/","title":{"rendered":"Web Series"},"content":{"rendered":"<p>Jenny, eine junge Engl\u00e4nderin, schenkt sich selbst eine Reise nach Italien, um ihr neues Single-Leben zu feiern und landet zum ersten Mal in ihrem Leben in Florenz. Ungewollt l\u00e4sst sie sich von der romantischen Atmosph\u00e4re der meistbesuchten Orte der Stadt einfangen und entdeckt eine Tomate, die direkt vor der Eingangst\u00fcr ihres Hotels \u00fcber den B\u00fcrgersteig rollt. Sie ist gerade dabei, die Tomate aufzuheben, als ihre Hand auf eine andere trifft&#8230;<br \/>\nZufall, Bestimmung, Schicksal?<br \/>\nJedenfalls nimmt Jennys Florenzreise ab diesem Moment eine komplett andere Wendung.<br \/>\nFolge Jennys Abenteuern!<\/p>\n","protected":false},"excerpt":{"rendered":"<p>Jenny, eine junge Engl\u00e4nderin, schenkt sich selbst eine Reise nach Italien, um ihr neues Single-Leben zu feiern und landet zum [&hellip;]<\/p>\n","protected":false},"author":7,"featured_media":5857,"parent":0,"menu_order":0,"comment_status":"closed","ping_status":"closed","template":"page-webseries.php","meta":[],"yst_prominent_words":[1382,1383,1381],"acf":[],"_links":{"self":[{"href":"https:\/\/ilguelfobianco.it\/de\/wp-json\/wp\/v2\/pages\/6411"}],"collection":[{"href":"https:\/\/ilguelfobianco.it\/de\/wp-json\/wp\/v2\/pages"}],"about":[{"href":"https:\/\/ilguelfobianco.it\/de\/wp-json\/wp\/v2\/types\/page"}],"author":[{"embeddable":true,"href":"https:\/\/ilguelfobianco.it\/de\/wp-json\/wp\/v2\/users\/7"}],"replies":[{"embeddable":true,"href":"https:\/\/ilguelfobianco.it\/de\/wp-json\/wp\/v2\/comments?post=6411"}],"version-history":[{"count":0,"href":"https:\/\/ilguelfobianco.it\/de\/wp-json\/wp\/v2\/pages\/6411\/revisions"}],"wp:featuredmedia":[{"embeddable":true,"href":"https:\/\/ilguelfobianco.it\/de\/wp-json\/wp\/v2\/media\/5857"}],"wp:attachment":[{"href":"https:\/\/ilguelfobianco.it\/de\/wp-json\/wp\/v2\/media?parent=6411"}],"wp:term":[{"taxonomy":"yst_prominent_words","embeddable":true,"href":"https:\/\/ilguelfobianco.it\/de\/wp-json\/wp\/v2\/yst_prominent_words?post=6411"}],"curies":[{"name":"wp","href":"https:\/\/api.w.org\/{rel}","templated":true}]}}