{"id":15843,"date":"2019-06-07T20:16:04","date_gmt":"2019-06-07T18:16:04","guid":{"rendered":"https:\/\/ilguelfobianco.it\/?page_id=15843"},"modified":"2019-08-07T17:32:17","modified_gmt":"2019-08-07T15:32:17","slug":"florence-blog","status":"publish","type":"page","link":"https:\/\/ilguelfobianco.it\/de\/florence-blog\/","title":{"rendered":"Florence to Go Blog"},"content":{"rendered":"<p>Lesen Sie unseren Blog Florence To Go, um die Angebote in Florenz w\u00e4hrend Ihres Aufenthaltes im Hotel Il Guelfo Bianco bestm\u00f6glich zu nutzen.<\/p>\n<p>Empfangen Sie jeden Monat praktische Tipps f\u00fcr Besuche in Florenz und entdecken Sie die Besonderheiten und Geheimnisse der Stadt der Lilie, seine Traditionen, die vielen Delikatessen und alles, was mit Kultur zu tun hat.<\/p>\n<p>Der Blog Florence To Go ist ein Ausgangspunkt f\u00fcr alle, die Florenz zusammen mit den Menschen vor Ort erleben m\u00f6chten &#8211; ideal f\u00fcr die, die zum ersten Mal kommen oder Florenz sehr stark frequentieren.<\/p>\n<p>Sind Sie bereit, einen perfekten Aufenthalt in Florenz zu genie\u00dfen?<\/p>\n<p>Unser Florenz-Blog richtet sich an alle, die Florenz im Herzen tragen!<\/p>\n","protected":false},"excerpt":{"rendered":"<p>Lesen Sie unseren Blog Florence To Go, um die Angebote in Florenz w\u00e4hrend Ihres Aufenthaltes im Hotel Il Guelfo Bianco [&hellip;]<\/p>\n","protected":false},"author":7,"featured_media":0,"parent":0,"menu_order":0,"comment_status":"closed","ping_status":"closed","template":"page-blog-new.php","meta":[],"yst_prominent_words":[763,2166,1624],"acf":[],"_links":{"self":[{"href":"https:\/\/ilguelfobianco.it\/de\/wp-json\/wp\/v2\/pages\/15843"}],"collection":[{"href":"https:\/\/ilguelfobianco.it\/de\/wp-json\/wp\/v2\/pages"}],"about":[{"href":"https:\/\/ilguelfobianco.it\/de\/wp-json\/wp\/v2\/types\/page"}],"author":[{"embeddable":true,"href":"https:\/\/ilguelfobianco.it\/de\/wp-json\/wp\/v2\/users\/7"}],"replies":[{"embeddable":true,"href":"https:\/\/ilguelfobianco.it\/de\/wp-json\/wp\/v2\/comments?post=15843"}],"version-history":[{"count":0,"href":"https:\/\/ilguelfobianco.it\/de\/wp-json\/wp\/v2\/pages\/15843\/revisions"}],"wp:attachment":[{"href":"https:\/\/ilguelfobianco.it\/de\/wp-json\/wp\/v2\/media?parent=15843"}],"wp:term":[{"taxonomy":"yst_prominent_words","embeddable":true,"href":"https:\/\/ilguelfobianco.it\/de\/wp-json\/wp\/v2\/yst_prominent_words?post=15843"}],"curies":[{"name":"wp","href":"https:\/\/api.w.org\/{rel}","templated":true}]}}